{"id":645,"date":"2021-03-10T09:55:31","date_gmt":"2021-03-10T09:55:31","guid":{"rendered":"http:\/\/ml-bauleistungen.de\/?page_id=645"},"modified":"2021-08-04T07:16:06","modified_gmt":"2021-08-04T07:16:06","slug":"lieferanten-2","status":"publish","type":"page","link":"http:\/\/ml-bauleistungen.de\/?page_id=645","title":{"rendered":"Lieferanten"},"content":{"rendered":"[vc_row css=&#8220;.vc_custom_1585014259795{padding-top: 20px !important;padding-bottom: 20px !important;}&#8220;][vc_column]<div class=\"vcex-spacing wpex-w-100 wpex-clear\" style=\"height:20px\"><\/div>[vc_column_text text_align=&#8220;center&#8220;]Wir verwenden bei unserer Arbeit ausschlie\u00dflich Produkte namhafter Markenhersteller. Damit Sie lange Freude an Ihrem neuen Bodenbelag bzw. in Ihrem frisch sanierten Zuhause haben.[\/vc_column_text][\/vc_column][\/vc_row][vc_row][vc_column]<div class=\"vcex-module vcex-icon-box vcex-icon-box-one wpex-relative wpex-flex wpex-items-center wpex-text-left\"><div class=\"vcex-icon-box-symbol wpex-flex-shrink-0 wpex-mr-20\"><img decoding=\"async\" loading=\"lazy\" class=\"vcex-icon-box-image wpex-align-middle\" style=\"width:200px;\" src=\"http:\/\/ml-bauleistungen.de\/wp-content\/uploads\/2021\/03\/gerhardt-200x49.jpg\" alt=\"\" data-rjs=\"http:\/\/ml-bauleistungen.de\/wp-content\/uploads\/2021\/03\/gerhardt-200x49@2x.jpg\" width=\"200\" height=\"49\" \/><\/div><div class=\"vcex-icon-box-text wpex-flex-grow\"><div class=\"vcex-icon-box-content wpex-last-mb-0 wpex-clr\"><p>Seit \u00fcber 70 Jahren steht Baustoffe Gerhardt in Dreieich f\u00fcr hochwertige Produkte, umfassende Dienstleistungen und sachkundige Beratung rund ums Bauen und Modernisieren. Die Produktpalette reicht von Baustoffen \u00fcber Produkten zum dekorativen Innenausbau bis hin zu L\u00f6sungen f\u00fcr die Terrassen- und Gartengestaltung.<\/p>\n<p>Gerhard Baustoffe im Internet: <a href=\"http:\/\/www.baustoff-gerhardt.de\">www.baustoff-gerhardt.de<\/a><\/p>\n<\/div><\/div><\/div><div class=\"vcex-spacing wpex-w-100 wpex-clear\" style=\"height:20px\"><\/div>[vc_separator]<div class=\"vcex-spacing wpex-w-100 wpex-clear\" style=\"height:20px\"><\/div><div class=\"vcex-module vcex-icon-box vcex-icon-box-one wpex-relative wpex-flex wpex-items-center wpex-text-left\"><div class=\"vcex-icon-box-symbol wpex-flex-shrink-0 wpex-mr-20\"><img decoding=\"async\" loading=\"lazy\" class=\"vcex-icon-box-image wpex-align-middle\" style=\"width:200px;\" src=\"http:\/\/ml-bauleistungen.de\/wp-content\/uploads\/2021\/03\/Ru-ppel-Logo-CMYK_NEU-200x148.png\" alt=\"\" width=\"200\" height=\"148\" \/><\/div><div class=\"vcex-icon-box-text wpex-flex-grow\"><div class=\"vcex-icon-box-content wpex-last-mb-0 wpex-clr\"><p>In nahezu 150 Jahren Firmengeschichte hat R\u00fcppel als Vollsortimenter des Rhein-Main-Gebiets viele Kenntnisse rund um das Thema Bauen gesammelt. Sie erhalten hier ein umfassendes Produktsortiment rund um die Themen Garten &amp; Hof ,Rohbau, Dach\/Fassade, Innenausbau und Bauchemie.<\/p>\n<p>Bauzentrum R\u00fcppel im Internet: <a href=\"http:\/\/www.rueppel.de\">www.rueppel.de<\/a><\/p>\n<\/div><\/div><\/div><div class=\"vcex-spacing wpex-w-100 wpex-clear\" style=\"height:20px\"><\/div>[vc_separator]<div class=\"vcex-spacing wpex-w-100 wpex-clear\" style=\"height:20px\"><\/div><div class=\"vcex-module vcex-icon-box vcex-icon-box-one wpex-relative wpex-flex wpex-items-center wpex-text-left\"><div class=\"vcex-icon-box-symbol wpex-flex-shrink-0 wpex-mr-20\"><img decoding=\"async\" loading=\"lazy\" class=\"vcex-icon-box-image wpex-align-middle\" style=\"width:200px;\" src=\"http:\/\/ml-bauleistungen.de\/wp-content\/uploads\/2021\/03\/logo_schlueter-200x120.jpg\" alt=\"\" width=\"200\" height=\"120\" \/><\/div><div class=\"vcex-icon-box-text wpex-flex-grow\"><div class=\"vcex-icon-box-content wpex-last-mb-0 wpex-clr\"><p>Schl\u00fcter-Systems bietet eine Vielzahl von Profilen und Systeml\u00f6sungen f\u00fcr die Fliesen- und Naturstein-Verlegung. Schl\u00fcter-Profile bieten die ideale Kombination von Funktionalit\u00e4t und Design. Systeml\u00f6sungen f\u00fcr die Abdichtung, Entkopplung, Entw\u00e4sserung und Trittschalld\u00e4mmung von Fliesenbel\u00e4gen.<\/p>\n<p>Schl\u00fcter Systems im Internet: <a href=\"http:\/\/www.schlueter.de\">www.schlueter.de<\/a><\/p>\n<\/div><\/div><\/div><div class=\"vcex-spacing wpex-w-100 wpex-clear\" style=\"height:20px\"><\/div>[vc_separator]<div class=\"vcex-spacing wpex-w-100 wpex-clear\" style=\"height:20px\"><\/div><div class=\"vcex-module vcex-icon-box vcex-icon-box-one wpex-relative wpex-flex wpex-items-center wpex-text-left\"><div class=\"vcex-icon-box-symbol wpex-flex-shrink-0 wpex-mr-20\"><img decoding=\"async\" loading=\"lazy\" class=\"vcex-icon-box-image wpex-align-middle\" style=\"width:200px;\" src=\"http:\/\/ml-bauleistungen.de\/wp-content\/uploads\/2021\/03\/fila.jpg\" alt=\"\" width=\"200\" height=\"200\" \/><\/div><div class=\"vcex-icon-box-text wpex-flex-grow\"><div class=\"vcex-icon-box-content wpex-last-mb-0 wpex-clr\"><p>Fila bietet zahlreiche Produkte rund um das Thema Reinigung und Pflege unterschiedlicher Fliesenbel\u00e4ge. Sie erhalten die Produkte von Fila direkt bei ML Bauleistungen. Wir beraten Sie gerne zu diesem Thema.<\/p>\n<p>Fila Deutschland Vertriebs GmbH im Internet: <a href=\"http:\/\/www.filasolutions.com\">www.filasolutions.com<\/a><\/p>\n<\/div><\/div><\/div><div class=\"vcex-spacing wpex-w-100 wpex-clear\" style=\"height:20px\"><\/div>[vc_separator]<div class=\"vcex-spacing wpex-w-100 wpex-clear\" style=\"height:20px\"><\/div><div class=\"vcex-module vcex-icon-box vcex-icon-box-one wpex-relative wpex-flex wpex-items-center wpex-text-left\"><div class=\"vcex-icon-box-symbol wpex-flex-shrink-0 wpex-mr-20\"><img decoding=\"async\" loading=\"lazy\" class=\"vcex-icon-box-image wpex-align-middle\" style=\"width:200px;\" src=\"http:\/\/ml-bauleistungen.de\/wp-content\/uploads\/2021\/03\/Wedi_Logo_RGB-200x43.jpg\" alt=\"\" data-rjs=\"http:\/\/ml-bauleistungen.de\/wp-content\/uploads\/2021\/03\/Wedi_Logo_RGB-200x43@2x.jpg\" width=\"200\" height=\"43\" \/><\/div><div class=\"vcex-icon-box-text wpex-flex-grow\"><div class=\"vcex-icon-box-content wpex-last-mb-0 wpex-clr\"><p>Wedi ist Hersteller vieler n\u00fctzlicher Bauteile die beim Fliesenlegen verarbeitet werden. Zum Sortiment geh\u00f6ren neben Bauplatten, Fliesenprofilen und Trittschalld\u00e4mmung auch weitere praktische Helfer beim Fliesen.<\/p>\n<p>wedi im Internet: <a href=\"http:\/\/www.wedi.de\">wedi.de<\/a><\/p>\n<\/div><\/div><\/div><div class=\"vcex-spacing wpex-w-100 wpex-clear\" style=\"height:20px\"><\/div>[vc_separator]<div class=\"vcex-spacing wpex-w-100 wpex-clear\" style=\"height:20px\"><\/div><div class=\"vcex-module vcex-icon-box vcex-icon-box-one wpex-relative wpex-flex wpex-items-center wpex-text-left\"><div class=\"vcex-icon-box-symbol wpex-flex-shrink-0 wpex-mr-20\"><img decoding=\"async\" loading=\"lazy\" class=\"vcex-icon-box-image wpex-align-middle\" style=\"width:200px;\" src=\"http:\/\/ml-bauleistungen.de\/wp-content\/uploads\/2021\/03\/Keramundo_Logo_quer_RGB-200x51.png\" alt=\"\" data-rjs=\"http:\/\/ml-bauleistungen.de\/wp-content\/uploads\/2021\/03\/Keramundo_Logo_quer_RGB-200x51@2x.png\" width=\"200\" height=\"51\" \/><\/div><div class=\"vcex-icon-box-text wpex-flex-grow\"><div class=\"vcex-icon-box-content wpex-last-mb-0 wpex-clr\"><p>Mit der faszinierenden Vielfalt an eleganten Wohnzimmer-, K\u00fcchen- und Badfliesen sowie L\u00f6sungen f\u00fcr Terrasse und Balkon liefert KERAMUNDO Inspiration f\u00fcr jeden Wohn- und Arbeitsbereich. Erleben Sie fantastischen Service und \u00fcber 10.000 Fliesenvarianten weltweit f\u00fchrender Hersteller \u2013 alles unter einem Dach.<\/p>\n<p>Keramundo im Internet: <a href=\"http:\/\/www.keramundo.de\">keramundo.de<\/a><\/p>\n<\/div><\/div><\/div>[\/vc_column][\/vc_row]\n","protected":false},"excerpt":{"rendered":"<p>[vc_row css=&#8220;.vc_custom_1585014259795{padding-top: 20px !important;padding-bottom: 20px !important;}&#8220;][vc_column][vc_column_text text_align=&#8220;center&#8220;]Wir verwenden bei unserer Arbeit ausschlie\u00dflich Produkte namhafter Markenhersteller. Damit Sie lange Freude an Ihrem neuen Bodenbelag bzw. in Ihrem frisch sanierten Zuhause haben.[\/vc_column_text][\/vc_column][\/vc_row][vc_row][vc_column][vc_separator][vc_separator][vc_separator][vc_separator][vc_separator][\/vc_column][\/vc_row]<\/p>\n","protected":false},"author":1,"featured_media":0,"parent":0,"menu_order":0,"comment_status":"closed","ping_status":"closed","template":"","meta":{"footnotes":""},"class_list":["post-645","page","type-page","status-publish","hentry","entry","no-media"],"_links":{"self":[{"href":"http:\/\/ml-bauleistungen.de\/index.php?rest_route=\/wp\/v2\/pages\/645","targetHints":{"allow":["GET"]}}],"collection":[{"href":"http:\/\/ml-bauleistungen.de\/index.php?rest_route=\/wp\/v2\/pages"}],"about":[{"href":"http:\/\/ml-bauleistungen.de\/index.php?rest_route=\/wp\/v2\/types\/page"}],"author":[{"embeddable":true,"href":"http:\/\/ml-bauleistungen.de\/index.php?rest_route=\/wp\/v2\/users\/1"}],"replies":[{"embeddable":true,"href":"http:\/\/ml-bauleistungen.de\/index.php?rest_route=%2Fwp%2Fv2%2Fcomments&post=645"}],"version-history":[{"count":14,"href":"http:\/\/ml-bauleistungen.de\/index.php?rest_route=\/wp\/v2\/pages\/645\/revisions"}],"predecessor-version":[{"id":798,"href":"http:\/\/ml-bauleistungen.de\/index.php?rest_route=\/wp\/v2\/pages\/645\/revisions\/798"}],"wp:attachment":[{"href":"http:\/\/ml-bauleistungen.de\/index.php?rest_route=%2Fwp%2Fv2%2Fmedia&parent=645"}],"curies":[{"name":"wp","href":"https:\/\/api.w.org\/{rel}","templated":true}]}}